{"id":555,"date":"2017-02-02T05:02:40","date_gmt":"2017-02-02T05:02:40","guid":{"rendered":"https:\/\/ruptare.wordpress.com\/?page_id=555"},"modified":"2023-02-25T01:07:35","modified_gmt":"2023-02-25T01:07:35","slug":"fabrixlivre","status":"publish","type":"page","link":"https:\/\/blogue.fabmx.ypenser.net\/ruptare\/fabrixlivre\/","title":{"rendered":"Fabrix livres"},"content":{"rendered":"<p><script type=\"application\/json\" class=\"js-hypothesis-config\">\n{\n\"showHighlights\": false\n}\n<\/script><br \/>\n<script src=\"https:\/\/hypothes.is\/embed.js\" async><\/script><\/p>\n<h2>L&rsquo;atelier de FabMx<\/h2>\n<p><a href=\"https:\/\/ruptare.wordpress.com\/apropos\/\">Homegnolia<\/a> c&rsquo;est aussi moi, Fabrice Marcoux <em>alias<\/em> \u00ab\u00a0FabMx\u00a0\u00bb. Bienvenue dans mon atelier !<\/p>\n<p>Je vous pr\u00e9sente ici mon \u00ab<a href=\"https:\/\/ruptare.wordpress.com\/fabrixlivre\/offreservices\/\">offre de services<\/a>\u00bb et mon <a href=\"https:\/\/ruptare.wordpress.com\/fabrixlivre\/cvfabmx\/\">CV<\/a> afin de vous donner une id\u00e9e de ce que je peux faire pour vous aider \u00e0 r\u00e9aliser votre projet de cr\u00e9ation de livre(s) num\u00e9rique(s).<\/p>\n<div style=\"float: right; margin: 4px;\"><a href=\"https:\/\/en.wikipedia.org\/wiki\/EPUB\"><img loading=\"lazy\" decoding=\"async\" class=\"alignright wp-image-566 size-thumbnail\" title=\"logo officiel du format ePub par l'IPDF\" src=\"https:\/\/blogue.fabmx.ypenser.net\/ruptare\/wp-content\/uploads\/2017\/02\/logo_epub-ipdf_400.png?w=109\" alt=\"logo du format de livrels ePub (norme ouverte)\" width=\"109\" height=\"150\" srcset=\"https:\/\/blogue.fabmx.ypenser.net\/ruptare\/wp-content\/uploads\/2017\/02\/logo_epub-ipdf_400.png 400w, https:\/\/blogue.fabmx.ypenser.net\/ruptare\/wp-content\/uploads\/2017\/02\/logo_epub-ipdf_400-218x300.png 218w\" sizes=\"auto, (max-width: 109px) 100vw, 109px\" \/><\/a><\/div>\n<p>Je vous propose un accompagnement pour la production de livres num\u00e9riques &#8212; aussi appel\u00e9s \u00ab<a href=\"http:\/\/www.parcoursnumeriques-pum.ca\/le-livrel-et-le-format-epub\" target=\"_blank\" rel=\"noopener\">livrels<\/a>\u00bb (sur le mod\u00e8le de \u00abcourriel\u00bb qui veut dire \u00abcourrier \u00e9lectronique\u00bb) ou \u00ab<em>ebooks<\/em>\u00bb (en anglais) &#8212; de premi\u00e8re qualit\u00e9.<br \/>\nJe vous invite \u00e0 visiter <a href=\"https:\/\/fabrixlivres.wordpress.com\/\" target=\"_blank\" rel=\"noopener\"><strong>Fabrix Livres<\/strong><\/a> (mon site professionnel), o\u00f9 les services d&rsquo;\u00e9dition num\u00e9rique que j&rsquo;offre sont pr\u00e9sent\u00e9s de mani\u00e8re diff\u00e9rente.<\/p>\n<h3>Pourquoi l&rsquo;ePub ?<\/h3>\n<p>Le format qui convient le mieux pour la lecture sur tous types d&rsquo;appareils est l&rsquo;<strong><a href=\"http:\/\/www.parcoursnumeriques-pum.ca\/le-livrel-et-le-format-epub\" target=\"_blank\" rel=\"noopener\">ePub<\/a><\/strong> (pour plusieurs raisons que vous connaissez ou que vous apprendrez en lisant \u00ab<a href=\"http:\/\/www.parcoursnumeriques-pum.ca\/le-livrel-et-le-format-epub\" target=\"_blank\" rel=\"noopener\">Le livrel et le format ePub<\/a>\u00bb). \u00c0 condition de respecter les sp\u00e9cifications de l&rsquo;<em>International Digital Publishing Forum <\/em>(<a href=\"http:\/\/idpf.org\/\" target=\"_blank\" rel=\"noopener\">IDPF<\/a>) &#8212; qui maintient les normes ouvertes fondant ce format (ePub 2 et ePub 3) de publication num\u00e9rique <em>interop\u00e9rable<\/em> (comme le <a href=\"https:\/\/www.w3.org\/\" target=\"_blank\" rel=\"noopener\">W3C<\/a> le fait pour les formats et langages du Web) &#8212; , les \u00abepubs\u00bb (on en est venu \u00e0 <em>substantiver<\/em> le format, en d\u00e9signant ainsi les \u00ablivrels\u00bb eux-m\u00eame) peuvent ais\u00e9ment \u00eatre convertis en des <em>livrels<\/em> <em>d&rsquo;autres formats<\/em> courants en usage sur les plateformes commerciales:<\/p>\n<ul>\n<li>.azw sur <a href=\"https:\/\/www.amazon.ca\/kindle-french-books\/b\/ref=nav_shopall_kbo?ie=UTF8&amp;node=5794627011\" target=\"_blank\" rel=\"noopener\">Amazon<\/a> (afin d&rsquo;\u00eatre consultables sur les liseuses Kindle);<\/li>\n<li>.ibooks dans la section \u00ablivres\u00bb de l&rsquo;iTunes Store d&rsquo;Apple ou \u00e0 partir de l&rsquo;application <a href=\"https:\/\/support.apple.com\/fr-ca\/HT201478\" target=\"_blank\" rel=\"noopener\">iBooks<\/a> sur les iPads et iPhones (afin d&rsquo;\u00eatre lisibles sur ces appareils);<\/li>\n<li>.kepub sur la boutique <a href=\"https:\/\/www.kobo.com\/ca\/fr\" target=\"_blank\" rel=\"noopener\">Kobo<\/a> ou via l&rsquo;application Kobo (pour qu&rsquo;ils puissent \u00eatre t\u00e9l\u00e9charg\u00e9s et lus sur une liseuse de cette marque.<\/li>\n<\/ul>\n<p>De toutes fa\u00e7ons, la plupart des appareils de lecture supportent les livrels au format ePub. M\u00eame s&rsquo;ils n&rsquo;ont ni tablette, ni liseuse, vos lecteurs peuvent les ouvrir au moyen d&rsquo;Adobe Digital Edition ou utiliser l&rsquo;extension <a href=\"https:\/\/addons.mozilla.org\/en-US\/firefox\/addon\/epubreader\/\" target=\"_blank\" rel=\"noopener\">EPUBReader<\/a> pour lire vos \u0153uvres dans leur navigateur Firefox (le d\u00e9veloppeur de cette application a entam\u00e9 une d\u00e9marche de <a href=\"https:\/\/www.kickstarter.com\/projects\/569473473\/epubreader-for-future-firefox?ref=project_tweet\" target=\"_blank\" rel=\"noopener\">sociofinancement<\/a> sur Kickstarter pour pouvoir l&rsquo;adapter aux changements \u00e0 venir de ce navigateur ouvert, il m\u00e9rite qu&rsquo;on l&rsquo;appuie !). S&rsquo;il s&rsquo;agit d&rsquo;un ePub 3 (permettant des effets d&rsquo;interactivit\u00e9 plus pouss\u00e9s), ils peuvent installer l&rsquo;extension <a href=\"https:\/\/chrome.google.com\/webstore\/detail\/readium\/fepbnnnkkadjhjahcafoaglimekefifl?hl=fr-CA\">Readium<\/a> sur Chrome (celle-ci permet \u00e9galement de lire les livrels au format ePub 3), utiliser iBooks sur iPhone ou <a href=\"https:\/\/play.google.com\/store\/apps\/details?id=com.gitden.epub.reader.app\" target=\"_blank\" rel=\"noopener\">Gitden Reader<\/a> sur les t\u00e9l\u00e9phones Andro\u00efd. Ces applications permettent \u00e9galement de lire les ePub 2, \u00e9videmment (tout comme les liseuses Kindle r\u00e9centes permettent toujours de lire les fichier .azw m\u00eame si elles sont d\u00e9sormais capables de traiter les fichiers .azw3 et .KF8). Il existe encore d&rsquo;autres solutions pour lire un ePub 2 avec un t\u00e9l\u00e9phone \u00abintelligent\u00bb. Sur Andro\u00efd, <a href=\"https:\/\/play.google.com\/store\/apps\/details?id=org.geometerplus.zlibrary.ui.android\" target=\"_blank\" rel=\"noopener\">FBReader<\/a> \u00abtraite\u00bb (ou \u00abinterpr\u00e8te\u00bb) tr\u00e8s bien les ePub 2. Pour les ePub 3, outre Gitden Reader, vous pouvez installer <a href=\"http:\/\/www.bluefirereader.com\/bluefire-reader.html\" target=\"_blank\" rel=\"noopener\">Bluefire reader<\/a> (cett application est plus lourde et tourne plus lentement que FBReader et Gitden Reader).<\/p>\n<h4>La meilleure liseuse<\/h4>\n<p><span style=\"text-decoration: underline;\">N.B<\/span>: Le mieux pour profiter d&rsquo;un livrel au format ePub 2 c&rsquo;est sans doute la liseuse \u00e9lectronique. Au Qu\u00e9bec, la Kobo donne acc\u00e8s \u00e0 des librairies francophones gr\u00e2ce \u00e0 une entente avec Archambault, pour un t\u00e9l\u00e9chargement direct des livres via Wifi. Les produits Kindle sont \u00e0 \u00e9viter autant que possible car les appareils Kindle sont les seuls \u00e0 ne pas supporter le format ePub. Mais Amazon fournit un convertisseur de ePub au format .mobi et on peut le faire gr\u00e2ce au logiciel libre <a href=\"http:\/\/calibre-ebook.com\/\" target=\"_blank\" rel=\"noopener\">Calibre<\/a> (qui permet en outre de g\u00e9rer notre biblioth\u00e8que de livrels de divers formats en nous mettant en relation avec de nombreuses ressources, notamment pour enrichir les m\u00e9tadonn\u00e9es qui y sont associ\u00e9es).\u00a0 L&rsquo;un des meilleurs mod\u00e8les de liseuse \u00e9lectronique, selon Herv\u00e9 Bienvault (<a href=\"http:\/\/aldus2006.typepad.fr\/mon_weblog\/2016\/11\/les-meilleures-liseuses-pour-lhiver-2016-2017.html\" target=\"_blank\" rel=\"noopener\">aldus2006.typepad.fr<\/a>) c&rsquo;est la Touch Lux 3 (rien \u00e0 voir avec Lux \u00e9dieur), et elle offre en outre la solution de DRM plus l\u00e9g\u00e8re, CARE, fond\u00e9e sur Readium LCP (comme je le pr\u00e9ciserai en note, sous les liens vers mon CV et mon offre de services). Mais elle n&rsquo;est manufactur\u00e9e pour l&rsquo;instant que par la soci\u00e9t\u00e9 <a href=\"https:\/\/www.vivlio.com\/\" rel=\"noopener\" target=\"_blank\">Vivlio<\/a> (autrefois &lsquo;The Ebook Alternative&rsquo;, TEA) en Europe et par Pocketbook aux \u00c9tats-Unis.<\/p>\n<h4>Les DRM privent les lecteurs de la pleine jouissance de leurs livres<\/h4>\n<p><span style=\"text-decoration: underline;\">Attention<\/span>, ce n&rsquo;est pas parce que <strong>l&rsquo;ePub est un format ouvert<\/strong> qu&rsquo;il ne permet pas d&rsquo;appliquer des \u00abverrous num\u00e9riques\u00bb (<a href=\"http:\/\/www.lettresnumeriques.be\/2016\/05\/23\/protection-du-livre-numerique-les-drm-etat-des-lieux-et-enjeux\/\" target=\"_blank\" rel=\"noopener\">DRM<\/a>). L&rsquo;IDPF a pr\u00e9vu la possibilit\u00e9 d&rsquo;appliquer de tels m\u00e9canismes de restriction de l&rsquo;acc\u00e8s. Si tel est votre choix, soyez conscients des limitations que cela entra\u00eene pour vos lecteurs qui ne pourront pas partager ni donner leur livrel s&rsquo;ils ont \u00e9puis\u00e9 les 6 copies autoris\u00e9es par la version Adobe des DRM. Or l&rsquo;\u00e9puisement de ces cinq (5) droits de reproduction\u00a0 (puisque la premi\u00e8re ouverture du livrel constitue d\u00e9j\u00e0 une copie) survient rapidement. Consid\u00e9rez, en effet, qu&rsquo;il est avis\u00e9 &#8211; pour profiter pleinement de l&rsquo;ouvrage que vous vous \u00eates procur\u00e9 &#8211; d&rsquo;en r\u00e9aliser une copie dans chacun de vos appareils capables de vous donner acc\u00e8s \u00e0 son contenu. Or nous venons de le voir, on peut lire les livrels au format ePub au moyen de tous les \u00e9quipements informatiques courants qui disposant d&rsquo;un \u00e9cran : ordinateur (gr\u00e2ce \u00e0 une application d\u00e9di\u00e9e ou ne extension du navigateur)aussi bien que depuis FBReader sur votre t\u00e9l\u00e9phone, par iBooks sur votre tablette iPad, liseuse, ordinateur portable ou \u00abbook\u00bb).<\/p>\n<p>Et, dans ces conditions, il ne reste plus que trois droits de partage (et encore faudra-t-il donner aux personnes avec qui on les partage acc\u00e8s \u00e0 notre compte Adobe). Mais il ne vaut mieux pas partage les livrels verrouill\u00e9s avec qui que ce soit parce qu&rsquo;on sait que nos appareils devront \u00eatre remplac\u00e9s \u00e9ventuellement, et il faudra recourir \u00e0 nos droits de partage restants pour r\u00e9installer une copie du texte qu&rsquo;on a pay\u00e9 sur une autre machine. Autrement dit, m\u00eame si on n&rsquo;utilise le livrel achet\u00e9 avec DRM que sur deux appareils (ordinateur o\u00f9 il a \u00e9t\u00e9 t\u00e9l\u00e9charg\u00e9 et t\u00e9l\u00e9phone sur lequel on le transporte pour le lire via FBReader ou iBooks dans les transports en commun),\u00a0 cela signifie que nos droits d&rsquo;utilisation s&rsquo;\u00e9teindront d\u00e8s le second renouvellement de nos appareils ou logiciels de lecture (on consomme une copie d\u00e8s qu&rsquo;on installe le livrel dans la biblioth\u00e8que d&rsquo;une nouvelle application). En tant qu&rsquo;utilisateurs cela nous brime de la libre jouissance de l&rsquo;\u0153uvre que nous nous sommes procur\u00e9e, et nous prive m\u00eame du droit de la l\u00e9guer (ou de la donner), \u00e0 toutes fins pratiques<strong>*<\/strong>.<\/p>\n<h4>L&rsquo;IDPF (ePub) se combine avec le W3C (web), alors le livre est appel\u00e9 \u00e0 s&rsquo;ouvrir !<\/h4>\n<p>Ce qu&rsquo;il faut retenir est que<strong> vous ne pouvez pas vous tromper en choisissant de pr\u00e9parer votre projet d&rsquo;\u00e9dition num\u00e9rique en fonction d&rsquo;une publication au format ePub<\/strong>, car m\u00eame s&rsquo;il s&rsquo;agit d&rsquo;une norme ouverte, elle vous laisse le choix des options (y compris une mise en page fixe pour des effets visuels plus sophistiqu\u00e9s avec le format ePub 3), et ce d&rsquo;autant plus que l&rsquo;<a href=\"https:\/\/www.w3.org\/2017\/01\/pressrelease-idpf-w3c-combination.html\" target=\"_blank\" rel=\"noopener\">IDPF vient de se combiner avec le W3C<\/a> (communiqu\u00e9 du 1er\u00a0 f\u00e9vrier 2017) pour assurer le meilleur arrimage possible entre la publication de livrels et le publication web. Afin de vous donner confiance que j&rsquo;en ai la capacit\u00e9, je vous invite \u00e0 parcourir mon <a href=\"https:\/\/ruptare.wordpress.com\/fabrixlivre\/cvfabmx\/\" target=\"_blank\" rel=\"noopener\"><em>Curriculum Vitae<\/em><\/a>.<\/p>\n<p>C&rsquo;est pour vous aider \u00e0 vous orienter dans la s\u00e9lection des options qui s&rsquo;offrent \u00e0 vous lorsque vous concevez vos livres num\u00e9riques que je souhaite vous accompagner, comme je l&rsquo;explique dans mon <a href=\"https:\/\/ruptare.wordpress.com\/fabrixlivre\/offreservices\/\" target=\"_blank\" rel=\"noopener\">offre de services<\/a>. Et je vous aiderai aussi \u00e0 pr\u00e9parer votre publication pour qu&rsquo;elle donne lieu \u00e0 un \u00e9l\u00e9gant <strong>PDF interactif<\/strong> si vous le d\u00e9sirez. Remarquez que la question de l&rsquo;application de DRM se pose \u00e9galement dans le cas des PDF (Adobe \u00e9tant la firme qui a \u00e9tablit ce format devenu une norme de facto, de sorte que la soci\u00e9t\u00e9 a \u00e9t\u00e9 oblig\u00e9e de rendre disponibles les sp\u00e9cifications). Et je souligne \u00e9galement que dans la mesure o\u00f9 je co-con\u00e7ois le livrel avec vous, c&rsquo;est aussi bien mon travail de conception d&rsquo;une mani\u00e8re de mettre en forme le contenu qui est partag\u00e9 de mani\u00e8re ouverte.<\/p>\n<h4>Mon but : co-cr\u00e9er<\/h4>\n<p>Mon objectif\u00a0 en ouvrant cet atelier de production de livrels, c&rsquo;est de collaborer avec des auteurs et des \u00e9diteurs imaginatifs qui souhaitent que leurs livres deviennent de v\u00e9ritables \u00ablivrels originairement num\u00e9riques\u00bb comme je l&rsquo;exprime dans le chapitre 11 de <em>Pratiques de l&rsquo;\u00e9dition num\u00e9rique<\/em> : \u00ab <a href=\"http:\/\/www.parcoursnumeriques-pum.ca\/le-livrel-et-le-format-epub\" target=\"_blank\" rel=\"noopener\">Le livrel et le format ePub<\/a> \u00bb.<\/p>\n<blockquote><p>Enfin, il existe un troisi\u00e8me type de livrels : le livrel \u00aboriginairement num\u00e9rique\u00bb, cr\u00e9\u00e9 par et pour le num\u00e9rique, et non en compl\u00e9ment ou par imitation d\u2019un \u00aboriginal papier\u00bb.<\/p><\/blockquote>\n<p>Ainsi, ce que je souhaite par-dessus tout, c&rsquo;est que les auteurs et \u00e9diteurs qui feront appel \u00e0 mes services s&rsquo;engageront avec moi dans un travail artisanal de co-cr\u00e9ation, pour que cet atelier (Fabrix livres est un nom temporaire), soit davantage qu&rsquo;un tremplin vers la visibilit\u00e9 d&rsquo;ouvrages int\u00e9ressants, convertis en livres num\u00e9riques \u00abhomoth\u00e9tiques\u00bb (bien que cela soit aussi un objectif que je partage avec vous). Mon id\u00e9al serait que notre coop\u00e9ration trace un chemin pour la publication artistique en phase avec la culture du web, tel qu&rsquo;il nous revient de la r\u00eaver (afin qu&rsquo;elle nous aide \u00e0 saisir le sens de ce que nous voulons dire et faire ensemble).<br \/>\nEt cela suppose que nous nous red\u00e9finissions dans l&rsquo;aventure de chercher cette voie.<\/p>\n<h3><a href=\"https:\/\/ruptare.wordpress.com\/fabrixlivre\/offreservices\/\" target=\"_blank\" rel=\"noopener\">Offre de services<\/a><\/h3>\n<h3><a href=\"https:\/\/ruptare.wordpress.com\/fabrixlivre\/cvfabmx\/\" target=\"_blank\" rel=\"noopener\">CV<\/a><\/h3>\n<h5>Compl\u00e9ments sur les inconv\u00e9nients li\u00e9s aux DRM (le point de vue des auteurs)<\/h5>\n<p><strong>*<\/strong> Notez qu&rsquo;en tant qu&rsquo;auteur, cela ne vous procure pas d&rsquo;avantage, car confront\u00e9s \u00e0 ces irritants, les lecteurs ne vont pas avoir tendance \u00e0 encourager d&rsquo;autres personnes \u00e0 se procurer des livres num\u00e9riques prot\u00e9g\u00e9s par de telles barri\u00e8res restreignant le partage. Et de toutes fa\u00e7ons, les moyens de briser les verrous num\u00e9riques sont de plus en plus connus et r\u00e9pandus.\u00a0 C&rsquo;est sans doute pourquoi il existe un mouvement important d&rsquo;<a href=\"http:\/\/romancefr.com\/editeurs-contre-les-drm\/\" target=\"_blank\" rel=\"noopener\">\u00e9diteurs contre les DRM<\/a>. Voir une liste des <a href=\"http:\/\/aldus2006.typepad.fr\/mon_weblog\/2014\/10\/tous-les-%C3%A9diteurs-sans-drm.html\" target=\"_blank\" rel=\"noopener\">233 \u00e9diteurs fran\u00e7ais sans DRM<\/a> sur le site d&rsquo;Aldus (en 2014). Bragelonnne avait initi\u00e9 le mouvement en 2010 et s&rsquo;\u00e9tait propuls\u00e9e ainsi au sommet des ventes.\u00a0 Il y a aussi un mouvement des biblioth\u00e9caires contre les DRM. On comprend pourquoi : c&rsquo;est contraire \u00e0 la nature du num\u00e9rique de vouloir en restreindre le partage.<\/p>\n<p><!--more-->C&rsquo;est pourquoi on insiste tant sur l&rsquo;importance d&rsquo;assumer l&rsquo;appel \u00e0 la transparence que cet environnement nous lance. BIen entendu, le probl\u00e8me est que les plus gros joueurs conservent nos donn\u00e9es par devers eux. Et ils capitalisent sur leur compilation pour justifier le co\u00fbt d&rsquo;achat d&rsquo;espaces publicitaires jouissant d&rsquo;un positionnement optimal en fonction de la personnalisation permise par leurs algorithmes. Mais ce qui compte est que si vous vous laissez s\u00e9duire par la volont\u00e9 de prot\u00e9ger votre \u0153uvre contre le partage, elle va certainement tomber dans l&rsquo;oubli faute de pouvoir \u00eatre lue dans 10 ans, vue l&rsquo;obsolescence rapide de la technologie.<\/p>\n<p>Certes, il y a des m\u00e9thodes de protection plus l\u00e9g\u00e8res qui furent d\u00e9velopp\u00e9es par Readium (<a href=\"https:\/\/copyrightandtechnology.com\/2016\/04\/27\/readium-lcp-and-open-source-drm\/\" target=\"_blank\" rel=\"noopener\">LCP DRM<\/a>) et par les producteurs de la Touch Lux 3, The Ebook Alternative (TEA, devenu <a href=\"https:\/\/www.vivlio.com\/\" rel=\"noopener\" target=\"_blank\">Vivlio<\/a>) soit la solution <a href=\"https:\/\/www.tea-ebook.com\/solution\/#care\" target=\"_blank\" rel=\"noopener\">CARE<\/a>, fond\u00e9e sur <a href=\"https:\/\/www.edrlab.org\/2017\/02\/08\/readium-lcp-explained-webinar-fr-2\/\" target=\"_blank\" rel=\"noopener\">Readium LCP,<\/a> pour la prise en compte des droits d&rsquo;auteurs.\u00a0 Mais, \u00e0 toutes fins pratiques, cela ne fait qu&rsquo;augmenter \u00e0 10 copies (9 si on consid\u00e8re la premi\u00e8re comme l&rsquo;\u00aboriginal\u00bb) le droit de reproduction (ce qui n&rsquo;est pas encore un droit de partage puisqu&rsquo;on ne peut reproduire qu&rsquo;en son nom). C&rsquo;est tout de m\u00eame un bon compromis pour l&rsquo;instant. D&rsquo;autant plus que leurs initiatives r\u00e9centes montrent qu&rsquo;ils cherchent \u00e0 ouvrir la technologie pour qu&rsquo;elle respect les principes de l&rsquo;<a href=\"http:\/\/aldus2006.typepad.fr\/mon_weblog\/2016\/12\/tea-une-int%C3%A9rop%C3%A9rabilit%C3%A9-compl%C3%A8te-au-service-des-libraires.html\" target=\"_blank\" rel=\"noopener\">interop\u00e9rabilit\u00e9<\/a> (par opposition aux verrous num\u00e9riques d&rsquo;Adobe).<\/p>\n<p>Il y a malheureusement encore de nombreux obstacles \u00e0 l&rsquo;av\u00e8nement d&rsquo;une r\u00e9gime de r\u00e9mun\u00e9ration des auteurs qui se fonde sur autre chose que la coercition \u00e0 l&rsquo;endroit de ceux qui partagent. Car pour l&rsquo;instant le r\u00e9flexe le plus r\u00e9pandu m\u00eame chez les gros joueurs du num\u00e9rique, c&rsquo;est de transposer dans un domaine o\u00f9 elles sont techniquement inapplicables des r\u00e8gles de restriction de l&rsquo;acc\u00e8s qui nuisent \u00e0 tout le monde. Le fait est que nous ne pouvons pas partager nos livrels sur les plateformes d&rsquo;Amazon, d&rsquo;Apple (iTunes) ou d&rsquo;Alphabet (Google Play), ni m\u00eame via la boutique Kobo, si nous n&rsquo;acceptons pas l&rsquo;application de verrous num\u00e9riques aux exemplaires de nos ouvrages qui seront vendus par le biais de leurs interfaces. Mais nous pouvons refuser d&rsquo;appliquer les DRM l\u00e0 o\u00f9 ce n&rsquo;est pas requis (et m\u00eame s&rsquo;abstenir de vendre nos livrels sur ces machines \u00e0 capter notre attention). Bien entendu, chacun est libre d&rsquo;essayer de percer dans ces foires o\u00f9 foisonnent les produits les plus populaires. Il est aussi normal qu&rsquo;en tant qu&rsquo;auteurs nous soyons soucieux de prot\u00e9ger nos droits d&rsquo;auteurs. Mais nous il nous revient de nous montrer imaginatifs et de trouver d&rsquo;autres mani\u00e8res de faire respecter notre travail qu&rsquo;en brimant la libert\u00e9 des lecteurs d&rsquo;utiliser notre texte afin de cr\u00e9er \u00e0 leur tour des id\u00e9es et des \u0153uvres. On peut d&rsquo;abord rendre les \u00abn\u00f4tres\u00bb disponibles sous la protection d&rsquo;une version all\u00e9g\u00e9e de ces restrictions au partage (qui soient attach\u00e9es \u00e0 l&rsquo;objet plut\u00f4t qu&rsquo;\u00e0 la personne par exemple). On peut aussi miser sur le caract\u00e8re dissuasif d&rsquo;un simple marquage (ou filigranage) qui fait que le lecteur ne partagera qu&rsquo;avec des personnes en qui il a confiance. Et puis il faut r\u00e9clamer politiquement que les lois pr\u00e9voient une r\u00e9mun\u00e9ration pour les artistes, comme le cl\u00e2me en France Bernard Stiegler en prenant appui sur la situation de pr\u00e9carit\u00e9 des intermittents du spectacle pour montrer comment ce type de condition d&rsquo;appauvrissement nuit \u00e0 la cr\u00e9ation. Mais en attentant, si vous optez pour les DRM dans leur version Adobe, rappelez-vous qu&rsquo;il ne sera possible pour vos lecteurs de consulter vos ouvrages ainsi verrouill\u00e9s &#8211; m\u00eame s&rsquo;ils sont au format ouvert ePub &#8211; que sur un maximum de six appareils. Ce qui est lourd avec cette solution conventionnelle est qu&rsquo;il faut enregistrer le livre via Adobe Digital Edition pour chacun des appareils sur lesquels on veut l&rsquo;utiliser avec notre compte personnel. Alors qu&rsquo;avec les versions plus souples, les \u00abvies\u00bb de nos livrels s&rsquo;\u00e9puisent de mani\u00e8re moins visible, expirant apr\u00e8s 9 copies (dans le cas de CARE). Reste qu&rsquo;il faut tout de m\u00eame fournir notre mot de passe aux personnes \u00e0 qui on pr\u00eate le livre num\u00e9rique, si la configuration l&rsquo;indique.<\/p>\n<h5>C&rsquo;est une situation inconfortable<\/h5>\n<p>Je reconnais que cette situation n&rsquo;est ni parfaite ni agr\u00e9able, et c&rsquo;est peut-\u00eatre ce qui explique la perte de vitesse des ventes de livres num\u00e9riques ces derni\u00e8res ann\u00e9es, apr\u00e8s une explosion ph\u00e9nom\u00e9nale entre 2008 et 2012. Mais un autre facteur est certainement l&rsquo;augmentation des prix par les \u00e9diteurs, alors qu&rsquo;Amazon les casse de son c\u00f4t\u00e9. On dire que les \u00e9diteurs ne veulent pas v\u00e9ritablement le livre num\u00e9rique prenne son envol. Ils tendent \u00e0 le consid\u00e9rer que comme une nouvelle version du livre de poche, encore plus portable.<\/p>\n<h4>Le compromis : recourir aux licences libres pour limiter les risques de r\u00e9cup\u00e9ration commerciale du produit de notre cr\u00e9ativit\u00e9 tout en optimisant sa diffusion<\/h4>\n<p>Les solutions de compromis existent pour responsabiliser les lecteurs afin qu&rsquo;ils \u00e9vitent de partager vos cr\u00e9ations sans tenir compte de votre droit \u00e0 une juste r\u00e9tribution. Le mieux est d&rsquo;appliquer une licence qui restreint leur droit de le faire \u00e0 des fins commerciales&#8230; et les contraint \u00e0 vous citer comme source s&rsquo;ils se servent de vos \u00e9crits. Ainsi, vous serez lus par un auditoire plus large. Mais il faut avoir mis\u00e9 sur le sc\u00e9nario (optimiste, il est vrai) que les personnes qui vous liront seront (pour la majorit\u00e9) de \u00abbonne foi\u00bb et pr\u00e9f\u00e9reront vous encourager en achetant vos ouvrages, plut\u00f4t que de chercher une mani\u00e8re de contourner l&rsquo;obligation d&rsquo;acquitter ces frais. Il faudra aussi esp\u00e9rer qu&rsquo;au moment o\u00f9 elles souhaiteront partager leur livre, elles inviteront les personnes \u00e0 qui elles les pr\u00eateront \u00e0 prendre l&rsquo;initiative de rendre visite \u00e0 votre site (ou \u00e0 celui de votre \u00e9diteur) pour pour s&rsquo;acheter un exemplaire de votre livrel (ou une autre de vos \u00e9crits) si ce que vous exprimez et la mani\u00e8re dont vous le faites leur pla\u00eet.<\/p>\n<p>Mon travail est justement de vous aider \u00e0 communiquer votre pens\u00e9e ou votre vision artistique d&rsquo;une mani\u00e8re qui soit susceptible de plaire \u00e0 des lecteurs tels que ceux que vous esp\u00e9rez rejoindre.<\/p>\n","protected":false},"excerpt":{"rendered":"<p>L&rsquo;atelier de FabMx Homegnolia c&rsquo;est aussi moi, Fabrice Marcoux alias \u00ab\u00a0FabMx\u00a0\u00bb. Bienvenue dans mon atelier ! Je vous pr\u00e9sente ici mon \u00aboffre de services\u00bb et mon CV afin de vous donner une id\u00e9e de ce que je peux faire pour vous aider \u00e0 r\u00e9aliser votre projet de cr\u00e9ation de livre(s) num\u00e9rique(s). Je vous propose un &hellip; <a href=\"https:\/\/blogue.fabmx.ypenser.net\/ruptare\/fabrixlivre\/\" class=\"more-link\">Continuer la lecture de <span class=\"screen-reader-text\">Fabrix livres<\/span> <span class=\"meta-nav\">&rarr;<\/span><\/a><\/p>\n","protected":false},"author":1,"featured_media":0,"parent":0,"menu_order":0,"comment_status":"closed","ping_status":"closed","template":"","meta":{"footnotes":""},"class_list":["post-555","page","type-page","status-publish","hentry"],"_links":{"self":[{"href":"https:\/\/blogue.fabmx.ypenser.net\/ruptare\/wp-json\/wp\/v2\/pages\/555","targetHints":{"allow":["GET"]}}],"collection":[{"href":"https:\/\/blogue.fabmx.ypenser.net\/ruptare\/wp-json\/wp\/v2\/pages"}],"about":[{"href":"https:\/\/blogue.fabmx.ypenser.net\/ruptare\/wp-json\/wp\/v2\/types\/page"}],"author":[{"embeddable":true,"href":"https:\/\/blogue.fabmx.ypenser.net\/ruptare\/wp-json\/wp\/v2\/users\/1"}],"replies":[{"embeddable":true,"href":"https:\/\/blogue.fabmx.ypenser.net\/ruptare\/wp-json\/wp\/v2\/comments?post=555"}],"version-history":[{"count":5,"href":"https:\/\/blogue.fabmx.ypenser.net\/ruptare\/wp-json\/wp\/v2\/pages\/555\/revisions"}],"predecessor-version":[{"id":906,"href":"https:\/\/blogue.fabmx.ypenser.net\/ruptare\/wp-json\/wp\/v2\/pages\/555\/revisions\/906"}],"wp:attachment":[{"href":"https:\/\/blogue.fabmx.ypenser.net\/ruptare\/wp-json\/wp\/v2\/media?parent=555"}],"curies":[{"name":"wp","href":"https:\/\/api.w.org\/{rel}","templated":true}]}}